{"id":5749,"date":"2020-01-24T17:29:38","date_gmt":"2020-01-24T17:29:38","guid":{"rendered":"https:\/\/www.laclinicadelcoinop.com\/?post_type=product&#038;p=5749"},"modified":"2021-10-25T16:51:16","modified_gmt":"2021-10-25T14:51:16","slug":"stern-the-beatles-diamond-edition","status":"publish","type":"product","link":"https:\/\/www.laclinicadelcoinop.com\/en\/prodotto\/stern-the-beatles-diamond-edition\/","title":{"rendered":"Stern &#8211; The Beatles (Diamond Edition)"},"content":{"rendered":"","protected":false},"excerpt":{"rendered":"<p>Dettagli:<\/p>\n<p>Categoria: Flipper SS<\/p>\n<p>Produttore: Stern Pinball<\/p>\n<p>Modello: The Beatles &#8211; Diamond Edition<\/p>\n<p>Anno: 2018<\/p>\n<p>4 PLAYERS<\/p>\n<p>Flipper SS modello, The Beatles\u00a0 Diamond Edition realizzato dalla Stern\u00a0 nel 2018 in 100 unit\u00e0. Il gioco \u00e8 disponibile in altri due modelli Platinum(250 unit\u00e0) e Gold (1614 unit\u00e0)per un totale di 1.964 pezzi.<\/p>\n<p>Tutti modelli della collezione Diamond Editions sono numerati, certificati da collezione.<\/p>\n<p>Il piano di gioco a tema retr\u00f2 presenta quattro flippanti, undici bersagli a caduta, otto bersagli stand-up, pi\u00f9 colpi di abilit\u00e0, due opto-spinners, un magnete che cattura la palla e un disco di registrazione magnetico al centro del campo di gioco.<\/p>\n<p>I giocatori, come pure chi gli sar\u00e0 vicino, potranno apprezzare le animazioni a schermo intero e il punteggio riportato sullo schermo video ad alta definizione del gioco.<\/p>\n<p>Tutti i modelli presentano pacchetti artistici unici personalizzati<\/p>\n","protected":false},"featured_media":5750,"template":"","meta":{"_monsterinsights_skip_tracking":false,"_monsterinsights_sitenote_active":false,"_monsterinsights_sitenote_note":"","_monsterinsights_sitenote_category":0},"product_cat":[164,211],"product_tag":[],"class_list":{"0":"post-5749","1":"product","2":"type-product","3":"status-publish","4":"has-post-thumbnail","6":"product_cat-flipper-ss","7":"product_cat-stern-pinball-flipper-ss","8":"sales-flash-overlay","9":"woocommerce-text-align-center","10":"woocommerce-image-align-center","11":"do-quantity-buttons","12":"wc-has-gallery","14":"first","15":"instock","16":"shipping-taxable","17":"product-type-simple"},"yoast_head":"<!-- This site is optimized with the Yoast SEO plugin v23.8 - https:\/\/yoast.com\/wordpress\/plugins\/seo\/ -->\n<title>Stern - The Beatles (Diamond Edition) - La Clinica del Coin-Op<\/title>\n<meta name=\"robots\" content=\"index, follow, max-snippet:-1, max-image-preview:large, max-video-preview:-1\" \/>\n<link rel=\"canonical\" href=\"https:\/\/www.laclinicadelcoinop.com\/prodotto\/stern-the-beatles-diamond-edition\/\" \/>\n<meta property=\"og:locale\" content=\"en_US\" \/>\n<meta property=\"og:type\" content=\"article\" \/>\n<meta property=\"og:title\" content=\"Stern - The Beatles (Diamond Edition) - La Clinica del Coin-Op\" \/>\n<meta property=\"og:description\" content=\"Dettagli:  Categoria: Flipper SS  Produttore: Stern Pinball  Modello: The Beatles - Diamond Edition  Anno: 2018  4 PLAYERS  Flipper SS modello, The Beatles\u00a0 Diamond Edition realizzato dalla Stern\u00a0 nel 2018 in 100 unit\u00e0. Il gioco \u00e8 disponibile in altri due modelli Platinum(250 unit\u00e0) e Gold (1614 unit\u00e0)per un totale di 1.964 pezzi.  Tutti modelli della collezione Diamond Editions sono numerati, certificati da collezione.  Il piano di gioco a tema retr\u00f2 presenta quattro flippanti, undici bersagli a caduta, otto bersagli stand-up, pi\u00f9 colpi di abilit\u00e0, due opto-spinners, un magnete che cattura la palla e un disco di registrazione magnetico al centro del campo di gioco.  I giocatori, come pure chi gli sar\u00e0 vicino, potranno apprezzare le animazioni a schermo intero e il punteggio riportato sullo schermo video ad alta definizione del gioco.  Tutti i modelli presentano pacchetti artistici unici personalizzati\" \/>\n<meta property=\"og:url\" content=\"https:\/\/www.laclinicadelcoinop.com\/prodotto\/stern-the-beatles-diamond-edition\/\" \/>\n<meta property=\"og:site_name\" content=\"La Clinica del Coin-Op\" \/>\n<meta property=\"article:modified_time\" content=\"2021-10-25T14:51:16+00:00\" \/>\n<meta property=\"og:image\" content=\"https:\/\/www.laclinicadelcoinop.com\/wp-content\/uploads\/2020\/01\/The_Beatles_Pinbal-2.jpg\" \/>\n\t<meta property=\"og:image:width\" content=\"800\" \/>\n\t<meta property=\"og:image:height\" content=\"800\" \/>\n\t<meta property=\"og:image:type\" content=\"image\/jpeg\" \/>\n<meta name=\"twitter:card\" content=\"summary_large_image\" \/>\n<script type=\"application\/ld+json\" class=\"yoast-schema-graph\">{\"@context\":\"https:\/\/schema.org\",\"@graph\":[{\"@type\":\"WebPage\",\"@id\":\"https:\/\/www.laclinicadelcoinop.com\/prodotto\/stern-the-beatles-diamond-edition\/\",\"url\":\"https:\/\/www.laclinicadelcoinop.com\/prodotto\/stern-the-beatles-diamond-edition\/\",\"name\":\"Stern - The Beatles (Diamond Edition) - La Clinica del Coin-Op\",\"isPartOf\":{\"@id\":\"https:\/\/www.laclinicadelcoinop.com\/en\/#website\"},\"primaryImageOfPage\":{\"@id\":\"https:\/\/www.laclinicadelcoinop.com\/prodotto\/stern-the-beatles-diamond-edition\/#primaryimage\"},\"image\":{\"@id\":\"https:\/\/www.laclinicadelcoinop.com\/prodotto\/stern-the-beatles-diamond-edition\/#primaryimage\"},\"thumbnailUrl\":\"https:\/\/www.laclinicadelcoinop.com\/wp-content\/uploads\/2020\/01\/The_Beatles_Pinbal-2.jpg\",\"datePublished\":\"2020-01-24T17:29:38+00:00\",\"dateModified\":\"2021-10-25T14:51:16+00:00\",\"breadcrumb\":{\"@id\":\"https:\/\/www.laclinicadelcoinop.com\/prodotto\/stern-the-beatles-diamond-edition\/#breadcrumb\"},\"inLanguage\":\"en-US\",\"potentialAction\":[{\"@type\":\"ReadAction\",\"target\":[\"https:\/\/www.laclinicadelcoinop.com\/prodotto\/stern-the-beatles-diamond-edition\/\"]}]},{\"@type\":\"ImageObject\",\"inLanguage\":\"en-US\",\"@id\":\"https:\/\/www.laclinicadelcoinop.com\/prodotto\/stern-the-beatles-diamond-edition\/#primaryimage\",\"url\":\"https:\/\/www.laclinicadelcoinop.com\/wp-content\/uploads\/2020\/01\/The_Beatles_Pinbal-2.jpg\",\"contentUrl\":\"https:\/\/www.laclinicadelcoinop.com\/wp-content\/uploads\/2020\/01\/The_Beatles_Pinbal-2.jpg\",\"width\":800,\"height\":800},{\"@type\":\"BreadcrumbList\",\"@id\":\"https:\/\/www.laclinicadelcoinop.com\/prodotto\/stern-the-beatles-diamond-edition\/#breadcrumb\",\"itemListElement\":[{\"@type\":\"ListItem\",\"position\":1,\"name\":\"Home\",\"item\":\"https:\/\/www.laclinicadelcoinop.com\/en\/\"},{\"@type\":\"ListItem\",\"position\":2,\"name\":\"Shop\",\"item\":\"https:\/\/www.laclinicadelcoinop.com\/en\/shop\/\"},{\"@type\":\"ListItem\",\"position\":3,\"name\":\"Stern &#8211; The Beatles (Diamond Edition)\"}]},{\"@type\":\"WebSite\",\"@id\":\"https:\/\/www.laclinicadelcoinop.com\/en\/#website\",\"url\":\"https:\/\/www.laclinicadelcoinop.com\/en\/\",\"name\":\"La Clinica del Coin-Op\",\"description\":\"Vendita e restauro collezionismo vintage\",\"publisher\":{\"@id\":\"https:\/\/www.laclinicadelcoinop.com\/en\/#organization\"},\"potentialAction\":[{\"@type\":\"SearchAction\",\"target\":{\"@type\":\"EntryPoint\",\"urlTemplate\":\"https:\/\/www.laclinicadelcoinop.com\/en\/?s={search_term_string}\"},\"query-input\":{\"@type\":\"PropertyValueSpecification\",\"valueRequired\":true,\"valueName\":\"search_term_string\"}}],\"inLanguage\":\"en-US\"},{\"@type\":\"Organization\",\"@id\":\"https:\/\/www.laclinicadelcoinop.com\/en\/#organization\",\"name\":\"La Clinica del Coin - Op\",\"url\":\"https:\/\/www.laclinicadelcoinop.com\/en\/\",\"logo\":{\"@type\":\"ImageObject\",\"inLanguage\":\"en-US\",\"@id\":\"https:\/\/www.laclinicadelcoinop.com\/en\/#\/schema\/logo\/image\/\",\"url\":\"https:\/\/www.laclinicadelcoinop.com\/wp-content\/uploads\/2018\/11\/logo-ok-930f0d58.png\",\"contentUrl\":\"https:\/\/www.laclinicadelcoinop.com\/wp-content\/uploads\/2018\/11\/logo-ok-930f0d58.png\",\"width\":240,\"height\":207,\"caption\":\"La Clinica del Coin - Op\"},\"image\":{\"@id\":\"https:\/\/www.laclinicadelcoinop.com\/en\/#\/schema\/logo\/image\/\"}}]}<\/script>\n<!-- \/ Yoast SEO plugin. -->","yoast_head_json":{"title":"Stern - The Beatles (Diamond Edition) - La Clinica del Coin-Op","robots":{"index":"index","follow":"follow","max-snippet":"max-snippet:-1","max-image-preview":"max-image-preview:large","max-video-preview":"max-video-preview:-1"},"canonical":"https:\/\/www.laclinicadelcoinop.com\/prodotto\/stern-the-beatles-diamond-edition\/","og_locale":"en_US","og_type":"article","og_title":"Stern - The Beatles (Diamond Edition) - La Clinica del Coin-Op","og_description":"Dettagli:  Categoria: Flipper SS  Produttore: Stern Pinball  Modello: The Beatles - Diamond Edition  Anno: 2018  4 PLAYERS  Flipper SS modello, The Beatles\u00a0 Diamond Edition realizzato dalla Stern\u00a0 nel 2018 in 100 unit\u00e0. Il gioco \u00e8 disponibile in altri due modelli Platinum(250 unit\u00e0) e Gold (1614 unit\u00e0)per un totale di 1.964 pezzi.  Tutti modelli della collezione Diamond Editions sono numerati, certificati da collezione.  Il piano di gioco a tema retr\u00f2 presenta quattro flippanti, undici bersagli a caduta, otto bersagli stand-up, pi\u00f9 colpi di abilit\u00e0, due opto-spinners, un magnete che cattura la palla e un disco di registrazione magnetico al centro del campo di gioco.  I giocatori, come pure chi gli sar\u00e0 vicino, potranno apprezzare le animazioni a schermo intero e il punteggio riportato sullo schermo video ad alta definizione del gioco.  Tutti i modelli presentano pacchetti artistici unici personalizzati","og_url":"https:\/\/www.laclinicadelcoinop.com\/prodotto\/stern-the-beatles-diamond-edition\/","og_site_name":"La Clinica del Coin-Op","article_modified_time":"2021-10-25T14:51:16+00:00","og_image":[{"width":800,"height":800,"url":"https:\/\/www.laclinicadelcoinop.com\/wp-content\/uploads\/2020\/01\/The_Beatles_Pinbal-2.jpg","type":"image\/jpeg"}],"twitter_card":"summary_large_image","schema":{"@context":"https:\/\/schema.org","@graph":[{"@type":"WebPage","@id":"https:\/\/www.laclinicadelcoinop.com\/prodotto\/stern-the-beatles-diamond-edition\/","url":"https:\/\/www.laclinicadelcoinop.com\/prodotto\/stern-the-beatles-diamond-edition\/","name":"Stern - The Beatles (Diamond Edition) - La Clinica del Coin-Op","isPartOf":{"@id":"https:\/\/www.laclinicadelcoinop.com\/en\/#website"},"primaryImageOfPage":{"@id":"https:\/\/www.laclinicadelcoinop.com\/prodotto\/stern-the-beatles-diamond-edition\/#primaryimage"},"image":{"@id":"https:\/\/www.laclinicadelcoinop.com\/prodotto\/stern-the-beatles-diamond-edition\/#primaryimage"},"thumbnailUrl":"https:\/\/www.laclinicadelcoinop.com\/wp-content\/uploads\/2020\/01\/The_Beatles_Pinbal-2.jpg","datePublished":"2020-01-24T17:29:38+00:00","dateModified":"2021-10-25T14:51:16+00:00","breadcrumb":{"@id":"https:\/\/www.laclinicadelcoinop.com\/prodotto\/stern-the-beatles-diamond-edition\/#breadcrumb"},"inLanguage":"en-US","potentialAction":[{"@type":"ReadAction","target":["https:\/\/www.laclinicadelcoinop.com\/prodotto\/stern-the-beatles-diamond-edition\/"]}]},{"@type":"ImageObject","inLanguage":"en-US","@id":"https:\/\/www.laclinicadelcoinop.com\/prodotto\/stern-the-beatles-diamond-edition\/#primaryimage","url":"https:\/\/www.laclinicadelcoinop.com\/wp-content\/uploads\/2020\/01\/The_Beatles_Pinbal-2.jpg","contentUrl":"https:\/\/www.laclinicadelcoinop.com\/wp-content\/uploads\/2020\/01\/The_Beatles_Pinbal-2.jpg","width":800,"height":800},{"@type":"BreadcrumbList","@id":"https:\/\/www.laclinicadelcoinop.com\/prodotto\/stern-the-beatles-diamond-edition\/#breadcrumb","itemListElement":[{"@type":"ListItem","position":1,"name":"Home","item":"https:\/\/www.laclinicadelcoinop.com\/en\/"},{"@type":"ListItem","position":2,"name":"Shop","item":"https:\/\/www.laclinicadelcoinop.com\/en\/shop\/"},{"@type":"ListItem","position":3,"name":"Stern &#8211; The Beatles (Diamond Edition)"}]},{"@type":"WebSite","@id":"https:\/\/www.laclinicadelcoinop.com\/en\/#website","url":"https:\/\/www.laclinicadelcoinop.com\/en\/","name":"La Clinica del Coin-Op","description":"Vendita e restauro collezionismo vintage","publisher":{"@id":"https:\/\/www.laclinicadelcoinop.com\/en\/#organization"},"potentialAction":[{"@type":"SearchAction","target":{"@type":"EntryPoint","urlTemplate":"https:\/\/www.laclinicadelcoinop.com\/en\/?s={search_term_string}"},"query-input":{"@type":"PropertyValueSpecification","valueRequired":true,"valueName":"search_term_string"}}],"inLanguage":"en-US"},{"@type":"Organization","@id":"https:\/\/www.laclinicadelcoinop.com\/en\/#organization","name":"La Clinica del Coin - Op","url":"https:\/\/www.laclinicadelcoinop.com\/en\/","logo":{"@type":"ImageObject","inLanguage":"en-US","@id":"https:\/\/www.laclinicadelcoinop.com\/en\/#\/schema\/logo\/image\/","url":"https:\/\/www.laclinicadelcoinop.com\/wp-content\/uploads\/2018\/11\/logo-ok-930f0d58.png","contentUrl":"https:\/\/www.laclinicadelcoinop.com\/wp-content\/uploads\/2018\/11\/logo-ok-930f0d58.png","width":240,"height":207,"caption":"La Clinica del Coin - Op"},"image":{"@id":"https:\/\/www.laclinicadelcoinop.com\/en\/#\/schema\/logo\/image\/"}}]}},"_links":{"self":[{"href":"https:\/\/www.laclinicadelcoinop.com\/en\/wp-json\/wp\/v2\/product\/5749"}],"collection":[{"href":"https:\/\/www.laclinicadelcoinop.com\/en\/wp-json\/wp\/v2\/product"}],"about":[{"href":"https:\/\/www.laclinicadelcoinop.com\/en\/wp-json\/wp\/v2\/types\/product"}],"wp:featuredmedia":[{"embeddable":true,"href":"https:\/\/www.laclinicadelcoinop.com\/en\/wp-json\/wp\/v2\/media\/5750"}],"wp:attachment":[{"href":"https:\/\/www.laclinicadelcoinop.com\/en\/wp-json\/wp\/v2\/media?parent=5749"}],"wp:term":[{"taxonomy":"product_cat","embeddable":true,"href":"https:\/\/www.laclinicadelcoinop.com\/en\/wp-json\/wp\/v2\/product_cat?post=5749"},{"taxonomy":"product_tag","embeddable":true,"href":"https:\/\/www.laclinicadelcoinop.com\/en\/wp-json\/wp\/v2\/product_tag?post=5749"}],"curies":[{"name":"wp","href":"https:\/\/api.w.org\/{rel}","templated":true}]}}