{"id":5274,"date":"2019-07-11T14:23:09","date_gmt":"2019-07-11T14:23:09","guid":{"rendered":"https:\/\/www.laclinicadelcoinop.com\/?post_type=product&#038;p=5274"},"modified":"2019-12-09T15:03:40","modified_gmt":"2019-12-09T15:03:40","slug":"5274","status":"publish","type":"product","link":"https:\/\/www.laclinicadelcoinop.com\/en\/prodotto\/5274\/","title":{"rendered":"Slot Machine"},"content":{"rendered":"","protected":false},"excerpt":{"rendered":"<p>Dettagli:<\/p>\n<p>Categoria: Slot<\/p>\n<p>Produttore: Italiano sconosciuto<\/p>\n<p>Anno: 1960<\/p>\n<p>ONE PLAYER<\/p>\n<p>Presenta le stesse caratteristiche di un normale espositore di chewing gum risalente ai primi anni 60&#8242;, ma in realt\u00e0 \u00e8 una Slot Machine in quanto sul lato destro si pu\u00f2 vedere la &#8220;buca&#8221; della vincita.<\/p>\n<p>Restaurato e perfettamente funzionante.<\/p>\n","protected":false},"featured_media":5281,"template":"","meta":{"_monsterinsights_skip_tracking":false,"_monsterinsights_sitenote_active":false,"_monsterinsights_sitenote_note":"","_monsterinsights_sitenote_category":0},"product_cat":[179],"product_tag":[],"class_list":{"0":"post-5274","1":"product","2":"type-product","3":"status-publish","4":"has-post-thumbnail","6":"product_cat-slot","7":"sales-flash-overlay","8":"woocommerce-text-align-center","9":"woocommerce-image-align-center","10":"do-quantity-buttons","11":"wc-has-gallery","13":"first","14":"instock","15":"shipping-taxable","16":"product-type-simple"},"yoast_head":"<!-- This site is optimized with the Yoast SEO plugin v23.8 - https:\/\/yoast.com\/wordpress\/plugins\/seo\/ -->\n<title>Slot Machine - La Clinica del Coin-Op<\/title>\n<meta name=\"robots\" content=\"index, follow, max-snippet:-1, max-image-preview:large, max-video-preview:-1\" \/>\n<link rel=\"canonical\" href=\"https:\/\/www.laclinicadelcoinop.com\/prodotto\/5274\/\" \/>\n<meta property=\"og:locale\" content=\"en_US\" \/>\n<meta property=\"og:type\" content=\"article\" \/>\n<meta property=\"og:title\" content=\"Slot Machine - La Clinica del Coin-Op\" \/>\n<meta property=\"og:description\" content=\"Dettagli:  Categoria: Slot  Produttore: Italiano sconosciuto  Anno: 1960  ONE PLAYER  Presenta le stesse caratteristiche di un normale espositore di chewing gum risalente ai primi anni 60&#039;, ma in realt\u00e0 \u00e8 una Slot Machine in quanto sul lato destro si pu\u00f2 vedere la &quot;buca&quot; della vincita.  Restaurato e perfettamente funzionante.\" \/>\n<meta property=\"og:url\" content=\"https:\/\/www.laclinicadelcoinop.com\/prodotto\/5274\/\" \/>\n<meta property=\"og:site_name\" content=\"La Clinica del Coin-Op\" \/>\n<meta property=\"article:modified_time\" content=\"2019-12-09T15:03:40+00:00\" \/>\n<meta property=\"og:image\" content=\"https:\/\/www.laclinicadelcoinop.com\/wp-content\/uploads\/2019\/07\/87-10-1.jpg\" \/>\n\t<meta property=\"og:image:width\" content=\"800\" \/>\n\t<meta property=\"og:image:height\" content=\"800\" \/>\n\t<meta property=\"og:image:type\" content=\"image\/jpeg\" \/>\n<meta name=\"twitter:card\" content=\"summary_large_image\" \/>\n<script type=\"application\/ld+json\" class=\"yoast-schema-graph\">{\"@context\":\"https:\/\/schema.org\",\"@graph\":[{\"@type\":\"WebPage\",\"@id\":\"https:\/\/www.laclinicadelcoinop.com\/prodotto\/5274\/\",\"url\":\"https:\/\/www.laclinicadelcoinop.com\/prodotto\/5274\/\",\"name\":\"Slot Machine - La Clinica del Coin-Op\",\"isPartOf\":{\"@id\":\"https:\/\/www.laclinicadelcoinop.com\/en\/#website\"},\"primaryImageOfPage\":{\"@id\":\"https:\/\/www.laclinicadelcoinop.com\/prodotto\/5274\/#primaryimage\"},\"image\":{\"@id\":\"https:\/\/www.laclinicadelcoinop.com\/prodotto\/5274\/#primaryimage\"},\"thumbnailUrl\":\"https:\/\/www.laclinicadelcoinop.com\/wp-content\/uploads\/2019\/07\/87-10-1.jpg\",\"datePublished\":\"2019-07-11T14:23:09+00:00\",\"dateModified\":\"2019-12-09T15:03:40+00:00\",\"breadcrumb\":{\"@id\":\"https:\/\/www.laclinicadelcoinop.com\/prodotto\/5274\/#breadcrumb\"},\"inLanguage\":\"en-US\",\"potentialAction\":[{\"@type\":\"ReadAction\",\"target\":[\"https:\/\/www.laclinicadelcoinop.com\/prodotto\/5274\/\"]}]},{\"@type\":\"ImageObject\",\"inLanguage\":\"en-US\",\"@id\":\"https:\/\/www.laclinicadelcoinop.com\/prodotto\/5274\/#primaryimage\",\"url\":\"https:\/\/www.laclinicadelcoinop.com\/wp-content\/uploads\/2019\/07\/87-10-1.jpg\",\"contentUrl\":\"https:\/\/www.laclinicadelcoinop.com\/wp-content\/uploads\/2019\/07\/87-10-1.jpg\",\"width\":800,\"height\":800},{\"@type\":\"BreadcrumbList\",\"@id\":\"https:\/\/www.laclinicadelcoinop.com\/prodotto\/5274\/#breadcrumb\",\"itemListElement\":[{\"@type\":\"ListItem\",\"position\":1,\"name\":\"Home\",\"item\":\"https:\/\/www.laclinicadelcoinop.com\/en\/\"},{\"@type\":\"ListItem\",\"position\":2,\"name\":\"Shop\",\"item\":\"https:\/\/www.laclinicadelcoinop.com\/en\/shop\/\"},{\"@type\":\"ListItem\",\"position\":3,\"name\":\"Slot Machine\"}]},{\"@type\":\"WebSite\",\"@id\":\"https:\/\/www.laclinicadelcoinop.com\/en\/#website\",\"url\":\"https:\/\/www.laclinicadelcoinop.com\/en\/\",\"name\":\"La Clinica del Coin-Op\",\"description\":\"Vendita e restauro collezionismo vintage\",\"publisher\":{\"@id\":\"https:\/\/www.laclinicadelcoinop.com\/en\/#organization\"},\"potentialAction\":[{\"@type\":\"SearchAction\",\"target\":{\"@type\":\"EntryPoint\",\"urlTemplate\":\"https:\/\/www.laclinicadelcoinop.com\/en\/?s={search_term_string}\"},\"query-input\":{\"@type\":\"PropertyValueSpecification\",\"valueRequired\":true,\"valueName\":\"search_term_string\"}}],\"inLanguage\":\"en-US\"},{\"@type\":\"Organization\",\"@id\":\"https:\/\/www.laclinicadelcoinop.com\/en\/#organization\",\"name\":\"La Clinica del Coin - Op\",\"url\":\"https:\/\/www.laclinicadelcoinop.com\/en\/\",\"logo\":{\"@type\":\"ImageObject\",\"inLanguage\":\"en-US\",\"@id\":\"https:\/\/www.laclinicadelcoinop.com\/en\/#\/schema\/logo\/image\/\",\"url\":\"https:\/\/www.laclinicadelcoinop.com\/wp-content\/uploads\/2018\/11\/logo-ok-930f0d58.png\",\"contentUrl\":\"https:\/\/www.laclinicadelcoinop.com\/wp-content\/uploads\/2018\/11\/logo-ok-930f0d58.png\",\"width\":240,\"height\":207,\"caption\":\"La Clinica del Coin - Op\"},\"image\":{\"@id\":\"https:\/\/www.laclinicadelcoinop.com\/en\/#\/schema\/logo\/image\/\"}}]}<\/script>\n<!-- \/ Yoast SEO plugin. -->","yoast_head_json":{"title":"Slot Machine - La Clinica del Coin-Op","robots":{"index":"index","follow":"follow","max-snippet":"max-snippet:-1","max-image-preview":"max-image-preview:large","max-video-preview":"max-video-preview:-1"},"canonical":"https:\/\/www.laclinicadelcoinop.com\/prodotto\/5274\/","og_locale":"en_US","og_type":"article","og_title":"Slot Machine - La Clinica del Coin-Op","og_description":"Dettagli:  Categoria: Slot  Produttore: Italiano sconosciuto  Anno: 1960  ONE PLAYER  Presenta le stesse caratteristiche di un normale espositore di chewing gum risalente ai primi anni 60', ma in realt\u00e0 \u00e8 una Slot Machine in quanto sul lato destro si pu\u00f2 vedere la \"buca\" della vincita.  Restaurato e perfettamente funzionante.","og_url":"https:\/\/www.laclinicadelcoinop.com\/prodotto\/5274\/","og_site_name":"La Clinica del Coin-Op","article_modified_time":"2019-12-09T15:03:40+00:00","og_image":[{"width":800,"height":800,"url":"https:\/\/www.laclinicadelcoinop.com\/wp-content\/uploads\/2019\/07\/87-10-1.jpg","type":"image\/jpeg"}],"twitter_card":"summary_large_image","schema":{"@context":"https:\/\/schema.org","@graph":[{"@type":"WebPage","@id":"https:\/\/www.laclinicadelcoinop.com\/prodotto\/5274\/","url":"https:\/\/www.laclinicadelcoinop.com\/prodotto\/5274\/","name":"Slot Machine - La Clinica del Coin-Op","isPartOf":{"@id":"https:\/\/www.laclinicadelcoinop.com\/en\/#website"},"primaryImageOfPage":{"@id":"https:\/\/www.laclinicadelcoinop.com\/prodotto\/5274\/#primaryimage"},"image":{"@id":"https:\/\/www.laclinicadelcoinop.com\/prodotto\/5274\/#primaryimage"},"thumbnailUrl":"https:\/\/www.laclinicadelcoinop.com\/wp-content\/uploads\/2019\/07\/87-10-1.jpg","datePublished":"2019-07-11T14:23:09+00:00","dateModified":"2019-12-09T15:03:40+00:00","breadcrumb":{"@id":"https:\/\/www.laclinicadelcoinop.com\/prodotto\/5274\/#breadcrumb"},"inLanguage":"en-US","potentialAction":[{"@type":"ReadAction","target":["https:\/\/www.laclinicadelcoinop.com\/prodotto\/5274\/"]}]},{"@type":"ImageObject","inLanguage":"en-US","@id":"https:\/\/www.laclinicadelcoinop.com\/prodotto\/5274\/#primaryimage","url":"https:\/\/www.laclinicadelcoinop.com\/wp-content\/uploads\/2019\/07\/87-10-1.jpg","contentUrl":"https:\/\/www.laclinicadelcoinop.com\/wp-content\/uploads\/2019\/07\/87-10-1.jpg","width":800,"height":800},{"@type":"BreadcrumbList","@id":"https:\/\/www.laclinicadelcoinop.com\/prodotto\/5274\/#breadcrumb","itemListElement":[{"@type":"ListItem","position":1,"name":"Home","item":"https:\/\/www.laclinicadelcoinop.com\/en\/"},{"@type":"ListItem","position":2,"name":"Shop","item":"https:\/\/www.laclinicadelcoinop.com\/en\/shop\/"},{"@type":"ListItem","position":3,"name":"Slot Machine"}]},{"@type":"WebSite","@id":"https:\/\/www.laclinicadelcoinop.com\/en\/#website","url":"https:\/\/www.laclinicadelcoinop.com\/en\/","name":"La Clinica del Coin-Op","description":"Vendita e restauro collezionismo vintage","publisher":{"@id":"https:\/\/www.laclinicadelcoinop.com\/en\/#organization"},"potentialAction":[{"@type":"SearchAction","target":{"@type":"EntryPoint","urlTemplate":"https:\/\/www.laclinicadelcoinop.com\/en\/?s={search_term_string}"},"query-input":{"@type":"PropertyValueSpecification","valueRequired":true,"valueName":"search_term_string"}}],"inLanguage":"en-US"},{"@type":"Organization","@id":"https:\/\/www.laclinicadelcoinop.com\/en\/#organization","name":"La Clinica del Coin - Op","url":"https:\/\/www.laclinicadelcoinop.com\/en\/","logo":{"@type":"ImageObject","inLanguage":"en-US","@id":"https:\/\/www.laclinicadelcoinop.com\/en\/#\/schema\/logo\/image\/","url":"https:\/\/www.laclinicadelcoinop.com\/wp-content\/uploads\/2018\/11\/logo-ok-930f0d58.png","contentUrl":"https:\/\/www.laclinicadelcoinop.com\/wp-content\/uploads\/2018\/11\/logo-ok-930f0d58.png","width":240,"height":207,"caption":"La Clinica del Coin - Op"},"image":{"@id":"https:\/\/www.laclinicadelcoinop.com\/en\/#\/schema\/logo\/image\/"}}]}},"_links":{"self":[{"href":"https:\/\/www.laclinicadelcoinop.com\/en\/wp-json\/wp\/v2\/product\/5274"}],"collection":[{"href":"https:\/\/www.laclinicadelcoinop.com\/en\/wp-json\/wp\/v2\/product"}],"about":[{"href":"https:\/\/www.laclinicadelcoinop.com\/en\/wp-json\/wp\/v2\/types\/product"}],"wp:featuredmedia":[{"embeddable":true,"href":"https:\/\/www.laclinicadelcoinop.com\/en\/wp-json\/wp\/v2\/media\/5281"}],"wp:attachment":[{"href":"https:\/\/www.laclinicadelcoinop.com\/en\/wp-json\/wp\/v2\/media?parent=5274"}],"wp:term":[{"taxonomy":"product_cat","embeddable":true,"href":"https:\/\/www.laclinicadelcoinop.com\/en\/wp-json\/wp\/v2\/product_cat?post=5274"},{"taxonomy":"product_tag","embeddable":true,"href":"https:\/\/www.laclinicadelcoinop.com\/en\/wp-json\/wp\/v2\/product_tag?post=5274"}],"curies":[{"name":"wp","href":"https:\/\/api.w.org\/{rel}","templated":true}]}}